{"id":699,"date":"2025-10-31T11:32:59","date_gmt":"2025-10-31T10:32:59","guid":{"rendered":"https:\/\/www.lafargalhospitalet.com\/politica-de-privacidad\/"},"modified":"2025-11-07T13:37:19","modified_gmt":"2025-11-07T12:37:19","slug":"politica-de-privacitat","status":"publish","type":"page","link":"https:\/\/www.lafargalhospitalet.com\/ca\/politica-de-privacitat\/","title":{"rendered":"Pol\u00edtica de Privacitat"},"content":{"rendered":"\n<p>La Farga Gesti\u00f3 d\u2019Equipaments Municipals S.A. (en endavant, \u201c<strong>La Farga<\/strong>\u201c) \u00e9s una societat de titularitat p\u00fablica que ofereix serveis de gesti\u00f3 molt diferenciats enfocats tots ells al servei a la ciutadania. Conscients de la import\u00e0ncia de la normativa en vigor en mat\u00e8ria de privacitat i protecci\u00f3 de dades ens preocupem per la protecci\u00f3 de la seguretat, integritat, veracitat i confidencialitat de les dades proporcionades pels nostres usuaris, clients o prove\u00efdors, actuant de manera responsable i transparent al respecte.<\/p>\n\n\n\n<p>La present Pol\u00edtica de Privacitat (en endavant, \u201c<strong>La Pol\u00edtica<\/strong>\u201c) t\u00e9 per objecte informar sobre com recollim, tractem i protegim les dades de car\u00e0cter personal. Aix\u00ed mateix, descrivim les finalitats del tractament de les dades personals recollides mitjan\u00e7ant&nbsp;<a href=\"https:\/\/www.lafargalhospitalet.com\/\">www.lafargalhospitalet.com<\/a>&nbsp;(en endavant, \u201c<strong>la p\u00e0gina Web<\/strong>\u201c), o per via telef\u00f2nica, correu electr\u00f2nic o formulari manual. Si \u00e9s el cas, es detallar\u00e0 si les seves dades poden ser utilitzades per tercers.<\/p>\n\n\n\n<p>La Farga manifesta que ha intentat proporcionar una descripci\u00f3 el m\u00e9s senzilla i clara possible de la present Pol\u00edtica. Per a qualsevol aclariment, informaci\u00f3 addicional o sol\u00b7licitud de drets no dubti en contactar amb nosaltres.<\/p>\n\n\n\n<p>La nostra Pol\u00edtica no regula les activitats de tractament de dades d\u2019altres empreses i organitzacions que anunci\u00efn els nostres serveis i\/o productes.<\/p>\n\n\n\n<p><strong>Abast de la Pol\u00edtica de Privacitat<\/strong><\/p>\n\n\n\n<p>Aquesta pol\u00edtica de privacitat s\u2019aplica a les dades proporcionades pels nostres usuaris, prove\u00efdors, persones sol\u00b7licitants d\u2019informaci\u00f3, usuaris de la p\u00e0gina web, candidats a llocs de treball o tercers amb els quals ens puguem relacionar, i les dades siguin necess\u00e0ries per al desenvolupament de la nostra activitat.<\/p>\n\n\n\n<p><strong>Responsable del Tractament<\/strong><\/p>\n\n\n\n<p>El responsable del tractament de les seves dades \u00e9s:<\/p>\n\n\n\n<figure class=\"wp-block-table\"><table class=\"has-fixed-layout\"><tbody><tr><td colspan=\"2\"><strong>DADES DEL RESPONSABLE DE TRACTAMENT<\/strong><\/td><\/tr><tr><td><strong>DENOMINACI\u00d3:<\/strong><\/td><td>La Farga Gesti\u00f3 d\u2019Equipaments Municipals S.A.<\/td><\/tr><tr><td><strong>CIF:<\/strong><\/td><td>A58363938<\/td><\/tr><tr><td><strong>ADRE\u00c7A POSTAL:<\/strong><\/td><td>Carrer Barcelona, 2, 08901 l\u2019Hospitalet de Llobregat, Barcelona<\/td><\/tr><tr><td><strong>WEB:<\/strong><\/td><td><a href=\"https:\/\/www.lafargalhospitalet.com\/\">www.lafargalhospitalet.com<\/a><\/td><\/tr><tr><td><strong>TEL\u00c8FON:<\/strong><\/td><td>93 261 52 00<\/td><\/tr><tr><td><strong>CORREU ELECTR\u00d2NIC:<\/strong><\/td><td><a href=\"mailto:centreactivitats@lafarga.com\">centreactivitats@lafarga.com<\/a><\/td><\/tr><tr><td><strong>Dades registrals BORME:<\/strong><\/td><td>Registre Mercantil de BARCELONA T 42.833, F 221, S 8, H B 48900, I \/ A 81 (20.07.18)<\/td><\/tr><\/tbody><\/table><\/figure>\n\n\n\n<p><strong>Quina informaci\u00f3 recopilem?<\/strong><\/p>\n\n\n\n<p>La Farga nom\u00e9s tracta les dades personals que resulten adequades, pertinents i limitades al correcte compliment de les finalitats en virtut de les quals van ser inicialment demanades.<\/p>\n\n\n\n<p>Per exemple, en el cas que es postuli a un proc\u00e9s de selecci\u00f3 intern, la informaci\u00f3 que recopilarem ser\u00e0 el seu nom i cognoms, tel\u00e8fon, correu electr\u00f2nic, curr\u00edculum vitae, entre altres.<\/p>\n\n\n\n<p>L\u2019usuari garanteix que les dades personals facilitades a La Farga s\u00f3n veritables i es fa responsable de comunicar a aquesta, qualsevol modificaci\u00f3 de les mateixes.<\/p>\n\n\n\n<p><strong>Amb quina finalitat tractem les seves dades?<\/strong><\/p>\n\n\n\n<p>Les dades que ens facilita s\u00f3n tractades amb les seg\u00fcents finalitats:<\/p>\n\n\n\n<ul class=\"wp-block-list\">\n<li><strong>Atendre<\/strong>\u00a0les seves sol\u00b7licituds d\u2019informaci\u00f3 plantejades en qualsevol dels nostres canals d\u2019atenci\u00f3 (P. ex .: mitjan\u00e7ant els formularis dels enlla\u00e7os \u201cEspai Vers\u00e0til\u201d o \u201cAgenda\u201d).<\/li>\n\n\n\n<li><strong>Respondre<\/strong>\u00a0davant de qualsevol requeriment de les autoritats p\u00fabliques.<\/li>\n<\/ul>\n\n\n\n<p><strong>Quant temps conservem les seves dades?<\/strong><\/p>\n\n\n\n<ul class=\"wp-block-list\">\n<li>Les dades personals que hagi facilitat per tal de sol\u00b7licitar informaci\u00f3, es conservaran fins a la gesti\u00f3 i resoluci\u00f3 de la sol\u00b7licitud i un cop resolta, durant un termini prudencial per atendre possibles q\u00fcestions que poguessin estar relacionades.<\/li>\n\n\n\n<li>Les dades de contacte per a l\u2019enviament de comunicacions comercials les tractarem des que vost\u00e8 el va sol\u00b7licitar expressament fins que indiqui que vol donar-se de baixa.<\/li>\n\n\n\n<li>Les dades de car\u00e0cter personal que incorporem als nostres sistemes d\u2019informaci\u00f3 com a conseq\u00fc\u00e8ncia de les nostres comunicacions per correu electr\u00f2nic es conservaran durant el temps necessari per atendre les seves sol\u00b7licituds.<\/li>\n<\/ul>\n\n\n\n<p>En tot cas, les seves dades es conservaran durant el termini estrictament necessari i fins a la prescripci\u00f3 de les obligacions legals pertinents, a fi de complir el conjunt de normes europees, nacionals i sectorials que puguin afectar el tractament de dades de car\u00e0cter personal.<\/p>\n\n\n\n<p><strong>Quan estem legitimats per al tractament de les seves dades?<\/strong><\/p>\n\n\n\n<p>Estem legitimats i facultats per tractar la informaci\u00f3 que vost\u00e8 ens proporciona quan aquesta informaci\u00f3 \u00e9s necess\u00e0ria (i) per a l\u2019enviament de la informaci\u00f3 sol\u00b7licitada; (ii) per a la gesti\u00f3 de la p\u00e0gina web (i els seus serveis associats); (iii) per si \u00e9s el cas atendre a la seva sol\u00b7licitud d\u2019ocupaci\u00f3 i (iv) per al compliment d\u2019obligacions legals imperatives que derivin del Dret de la Uni\u00f3 Europea o dels estats membres. La Farga ha d\u2019adoptar les accions necess\u00e0ries per garantir que les dades personals que recapti, emmagatzemi i tracti s\u2019emprin de manera l\u00edcita, lleial i transparent, complint amb les obligacions que resultin de l\u2019ordenament jur\u00eddic aplicable amb motiu de la seva activitat. En particular, La Farga ha establert tots els mitjans t\u00e8cnics al seu abast per evitar la p\u00e8rdua, mal \u00fas, alteraci\u00f3, acc\u00e9s no autoritzat i robatori de les dades que vost\u00e8 hagu\u00e9s facilitat a trav\u00e9s de la p\u00e0gina web.<\/p>\n\n\n\n<p>Aix\u00ed mateix, si vost\u00e8 ho ha consentit pr\u00e8viament, tamb\u00e9 estarem legitimats a tractar les seves dades per a l\u2019enviament de butlletins informatius i\/o comercials basats en el seu consentiment expr\u00e9s. En tot cas, vost\u00e8 podr\u00e0 oposar-se a aquest tractament en qualsevol moment.<\/p>\n\n\n\n<p>Fora dels casos anteriors, abans de tractar les seves dades sempre recaptarem el seu consentiment. El consentiment ser\u00e0 la manifestaci\u00f3 de voluntat lliure, espec\u00edfica, informada i inequ\u00edvoca. Vost\u00e8 t\u00e9 dret a revocar el consentiment prestat sense car\u00e0cter retroactiu per a qualsevol finalitat i en qualsevol moment.<\/p>\n\n\n\n<p><strong>A qui comuniquem les seves dades?<\/strong><\/p>\n\n\n\n<p>Les seves dades no seran comunicades a tercers. No obstant aix\u00f2, s\u00ed que es podran comunicar als estaments oficials p\u00fablics i entitats privades que per obligaci\u00f3 legal o necessitat operatives i contractuals hagin d\u2019accedir a les dades als efectes de la correcta prestaci\u00f3 del servei i de les altres finalitats abans esmentades.<\/p>\n\n\n\n<p><strong>Quins drets l\u2019emparen en relaci\u00f3 al tractament de les seves dades?<\/strong><\/p>\n\n\n\n<p>Vost\u00e8 t\u00e9 dret a obtenir informaci\u00f3 sobre el tractament de les seves dades que vam realitzar a La Farga. En concret:<\/p>\n\n\n\n<ul class=\"wp-block-list\">\n<li>Vost\u00e8 t\u00e9 dret a accedir a les seves dades personals per con\u00e8ixer quines dades personals estem tractant, aix\u00ed com sol\u00b7licitar la rectificaci\u00f3 de les dades inexactes o, si escau, sol\u00b7licitar la seva supressi\u00f3 quan -entre altres motius- les dades ja no siguin necess\u00e0ries per als fins per als que van ser recollides.<\/li>\n\n\n\n<li>En determinades circumst\u00e0ncies, vost\u00e8 podr\u00e0 sol\u00b7licitar la limitaci\u00f3 del tractament de les seves dades, en aquest cas \u00fanicament les conservarem per a l\u2019exercici o la defensa de reclamacions.<\/li>\n\n\n\n<li>En determinades circumst\u00e0ncies i per motius relacionats amb la seva situaci\u00f3 particular, vost\u00e8 podr\u00e0 oposar-se al tractament de les seves dades. La Farga deixar\u00e0 de tractar les seves dades, llevat que concorrin motius leg\u00edtims imperiosos o en virtut de l\u2019exercici d\u2019accions de defensa jur\u00eddica.<\/li>\n\n\n\n<li>T\u00e9 dret a la portabilitat, \u00e9s a dir, al fet que les dades personals que hagu\u00e9s facilitat, es transmetin directament a un altre responsable en format estructurat, d\u2019\u00fas com\u00fa i lectura mec\u00e0nica, quan t\u00e8cnicament fos possible.<\/li>\n\n\n\n<li>Dret a no ser objecte d\u2019una decisi\u00f3 basada \u00fanicament en el tractament automatitzat de les seves dades personals.<\/li>\n<\/ul>\n\n\n\n<p>Vost\u00e8 pot exercir els drets esmentats dirigint un correu electr\u00f2nic a l\u2019adre\u00e7a electr\u00f2nica&nbsp;<a href=\"mailto:centreactivitats@lafarga.com\">centreactivitats@lafarga.com<\/a>&nbsp;amb la refer\u00e8ncia \u201cProtecci\u00f3 de dades\u201d, adjuntant una c\u00f2pia de seu DNI o document similar.<\/p>\n\n\n\n<p>Vost\u00e8 disposa d\u2019informaci\u00f3 i models per a exercir els drets esmentats anteriorment a la web de l\u2019Autoritat Catalana de Protecci\u00f3 de Dades:<\/p>\n\n\n\n<figure class=\"wp-block-embed\"><div class=\"wp-block-embed__wrapper\">\nhttps:\/\/apdcat.gencat.cat\/ca\/drets_i_obligacions\n<\/div><\/figure>\n\n\n\n<p>Respondrem a les seves peticions el m\u00e9s aviat possible i, en tot cas, en el termini d\u2019un (1) mes des de la recepci\u00f3 de la seva sol\u00b7licitud. En determinades circumst\u00e0ncies, aquest termini es pot prorrogar dos (2) mesos m\u00e9s, i en aquest cas l\u2019informarem oportunament dins del termini d\u2019un (1) mes des de la recepci\u00f3 de la seva sol\u00b7licitud.<\/p>\n\n\n\n<p>Si vost\u00e8 considera que el tractament de les seves dades personals infringeix la normativa sobre protecci\u00f3 de dades, o b\u00e9 si creu que no hem satisfet l\u2019exercici dels seus drets, vost\u00e8 pot presentar una reclamaci\u00f3 davant l\u2019Autoritat Catalana de Protecci\u00f3 de Dades (ApdCAT). Amb car\u00e0cter previ a la presentaci\u00f3 d\u2019una reclamaci\u00f3 davant l\u2019Autoritat Catalana de Protecci\u00f3 de Dades, pot adre\u00e7ar-se al Delegat de protecci\u00f3 de dades de la LA FARGA, GESTI\u00d3 D\u2019EQUIPAMENTS MUNICIPALS S.A. mitjan\u00e7ant l\u2019adre\u00e7a&nbsp;<a href=\"mailto:dpo@lafarga.com\">dpo@lafarga.com<\/a><\/p>\n\n\n\n<p><strong>Vost\u00e8 t\u00e9 dret a retirar el seu consentiment?<\/strong><\/p>\n\n\n\n<p>S\u00ed, en qualsevol moment. Pot retirar el seu consentiment per al tractament de les seves dades per a una o diverses de les finalitats a dalt indicades i per a les que ja hagi prestat el seu consentiment.<\/p>\n\n\n\n<p><strong>Hi ha la opci\u00f3 a modificar la present Pol\u00edtica de privadesa?<\/strong><\/p>\n\n\n\n<p>La Farga es reserva el dret a modificar la present Pol\u00edtica per adaptar-la a novetats legislatives o jurisprudencials i per respondre a canvis organitzacionals i del sector sanitari. No limitarem els drets que li corresponen d\u2019acord amb la present Pol\u00edtica de Privacitat ni realitzarem modificacions substancials en ella sense informar pr\u00e8viament. Publicarem totes les modificacions de la present Pol\u00edtica de Privacitat en aquesta p\u00e0gina i, si s\u00f3n significatives, farem una notificaci\u00f3 m\u00e9s destacada (per exemple, li enviar\u00edem una notificaci\u00f3 per correu electr\u00f2nic si la modificaci\u00f3 afect\u00e9s a determinats aspectes i -en casos excepcionals- fins i tot li sol\u00b7licitar\u00edem novament el seu consentiment)<\/p>\n\n\n\n<p><strong>Normativa aplicable<\/strong><br>Sense perjudici d\u2019una altra normativa sectorial que pugui tenir incid\u00e8ncia en la regulaci\u00f3 de la protecci\u00f3 de dades personals l\u2019informem que aquesta mat\u00e8ria ve regulada en:<\/p>\n\n\n\n<figure class=\"wp-block-table\"><table class=\"has-fixed-layout\"><tbody><tr><td>\u00c0mbit&nbsp;d\u2019aplicaci\u00f3<\/td><td>Norma aplicable<\/td><td>Abreviatura<\/td><\/tr><tr><td>Legislaci\u00f3&nbsp;europea<\/td><td>Reglament (UE) 2016\/679 del Parlament Europeu i del Consell, de 27 d\u2019abril de 2016, relatiu a la protecci\u00f3 de les persones f\u00edsiques pel que fa al tractament de dades personals i a la lliure circulaci\u00f3 d\u2019aquestes dades i pel qual es deroga la Directiva 95\/46 \/ CE<\/td><td>RGPD<\/td><\/tr><tr><td>Legislaci\u00f3 nacional<\/td><td>Llei Org\u00e0nica 3\/2018, de 5 de desembre, de Protecci\u00f3 de Dades Personals i garantia dels drets digitals.<\/td><td>LOPDGDD<\/td><\/tr><\/tbody><\/table><\/figure>\n","protected":false},"excerpt":{"rendered":"<p>La Farga Gesti\u00f3 d\u2019Equipaments Municipals S.A. (en endavant, \u201cLa Farga\u201c) \u00e9s una societat de titularitat p\u00fablica que ofereix serveis de gesti\u00f3 molt diferenciats enfocats tots ells al servei a la ciutadania. Conscients de la import\u00e0ncia de la normativa en vigor en mat\u00e8ria de privacitat i protecci\u00f3 de dades ens preocupem per la protecci\u00f3 de la [&hellip;]<\/p>\n","protected":false},"author":1,"featured_media":0,"parent":0,"menu_order":0,"comment_status":"closed","ping_status":"closed","template":"","meta":{"_monsterinsights_skip_tracking":false,"_monsterinsights_sitenote_active":false,"_monsterinsights_sitenote_note":"","_monsterinsights_sitenote_category":0,"footnotes":""},"class_list":["post-699","page","type-page","status-publish","hentry"],"yoast_head":"<!-- This site is optimized with the Yoast SEO plugin v27.4 - https:\/\/yoast.com\/product\/yoast-seo-wordpress\/ -->\n<title>Pol\u00edtica de Privacitat - La Farga L&#039;Hospitalet Centre d&#039;Activitats. La Farga GEM, S.A.<\/title>\n<meta name=\"robots\" content=\"noindex, nofollow\" \/>\n<meta property=\"og:locale\" content=\"ca_ES\" \/>\n<meta property=\"og:type\" content=\"article\" \/>\n<meta property=\"og:title\" content=\"Pol\u00edtica de Privacitat - La Farga L&#039;Hospitalet Centre d&#039;Activitats. La Farga GEM, S.A.\" \/>\n<meta property=\"og:description\" content=\"La Farga Gesti\u00f3 d\u2019Equipaments Municipals S.A. (en endavant, \u201cLa Farga\u201c) \u00e9s una societat de titularitat p\u00fablica que ofereix serveis de gesti\u00f3 molt diferenciats enfocats tots ells al servei a la ciutadania. Conscients de la import\u00e0ncia de la normativa en vigor en mat\u00e8ria de privacitat i protecci\u00f3 de dades ens preocupem per la protecci\u00f3 de la [&hellip;]\" \/>\n<meta property=\"og:url\" content=\"https:\/\/www.lafargalhospitalet.com\/ca\/politica-de-privacitat\/\" \/>\n<meta property=\"og:site_name\" content=\"La Farga L&#039;Hospitalet Centre d&#039;Activitats. La Farga GEM, S.A.\" \/>\n<meta property=\"article:publisher\" content=\"https:\/\/www.facebook.com\/fargahospitalet\/\" \/>\n<meta property=\"article:modified_time\" content=\"2025-11-07T12:37:19+00:00\" \/>\n<meta name=\"twitter:card\" content=\"summary_large_image\" \/>\n<meta name=\"twitter:site\" content=\"@fargahospitalet\" \/>\n<meta name=\"twitter:label1\" content=\"Temps estimat de lectura\" \/>\n\t<meta name=\"twitter:data1\" content=\"8 minuts\" \/>\n<script type=\"application\/ld+json\" class=\"yoast-schema-graph\">{\"@context\":\"https:\\\/\\\/schema.org\",\"@graph\":[{\"@type\":\"WebPage\",\"@id\":\"https:\\\/\\\/www.lafargalhospitalet.com\\\/ca\\\/politica-de-privacitat\\\/\",\"url\":\"https:\\\/\\\/www.lafargalhospitalet.com\\\/ca\\\/politica-de-privacitat\\\/\",\"name\":\"Pol\u00edtica de Privacitat - La Farga L&#039;Hospitalet Centre d&#039;Activitats. La Farga GEM, S.A.\",\"isPartOf\":{\"@id\":\"https:\\\/\\\/www.lafargalhospitalet.com\\\/#website\"},\"datePublished\":\"2025-10-31T10:32:59+00:00\",\"dateModified\":\"2025-11-07T12:37:19+00:00\",\"breadcrumb\":{\"@id\":\"https:\\\/\\\/www.lafargalhospitalet.com\\\/ca\\\/politica-de-privacitat\\\/#breadcrumb\"},\"inLanguage\":\"ca\",\"potentialAction\":[{\"@type\":\"ReadAction\",\"target\":[\"https:\\\/\\\/www.lafargalhospitalet.com\\\/ca\\\/politica-de-privacitat\\\/\"]}]},{\"@type\":\"BreadcrumbList\",\"@id\":\"https:\\\/\\\/www.lafargalhospitalet.com\\\/ca\\\/politica-de-privacitat\\\/#breadcrumb\",\"itemListElement\":[{\"@type\":\"ListItem\",\"position\":1,\"name\":\"Portada\",\"item\":\"https:\\\/\\\/www.lafargalhospitalet.com\\\/\"},{\"@type\":\"ListItem\",\"position\":2,\"name\":\"Pol\u00edtica de Privacitat\"}]},{\"@type\":\"WebSite\",\"@id\":\"https:\\\/\\\/www.lafargalhospitalet.com\\\/#website\",\"url\":\"https:\\\/\\\/www.lafargalhospitalet.com\\\/\",\"name\":\"La Farga L'Hospitalet Centre d'Activitats. La Farga GEM, S.A.\",\"description\":\"La Farga L&#039;Hospitalet Centre d&#039;Activitats. Gestionat per La Farga GEM, S.A. Fires i Congressos. Concerts, exposicions, reunions, filmacions, sopars de gala.\",\"publisher\":{\"@id\":\"https:\\\/\\\/www.lafargalhospitalet.com\\\/#organization\"},\"potentialAction\":[{\"@type\":\"SearchAction\",\"target\":{\"@type\":\"EntryPoint\",\"urlTemplate\":\"https:\\\/\\\/www.lafargalhospitalet.com\\\/?s={search_term_string}\"},\"query-input\":{\"@type\":\"PropertyValueSpecification\",\"valueRequired\":true,\"valueName\":\"search_term_string\"}}],\"inLanguage\":\"ca\"},{\"@type\":\"Organization\",\"@id\":\"https:\\\/\\\/www.lafargalhospitalet.com\\\/#organization\",\"name\":\"La Farga L'Hospitalet Centre d'Activitats. La Farga GEM, S.A.\",\"url\":\"https:\\\/\\\/www.lafargalhospitalet.com\\\/\",\"logo\":{\"@type\":\"ImageObject\",\"inLanguage\":\"ca\",\"@id\":\"https:\\\/\\\/www.lafargalhospitalet.com\\\/#\\\/schema\\\/logo\\\/image\\\/\",\"url\":\"https:\\\/\\\/www.lafargalhospitalet.com\\\/wp-content\\\/uploads\\\/2025\\\/10\\\/logotipo_lafarga_centre_activitats.png\",\"contentUrl\":\"https:\\\/\\\/www.lafargalhospitalet.com\\\/wp-content\\\/uploads\\\/2025\\\/10\\\/logotipo_lafarga_centre_activitats.png\",\"width\":266,\"height\":101,\"caption\":\"La Farga L'Hospitalet Centre d'Activitats. La Farga GEM, S.A.\"},\"image\":{\"@id\":\"https:\\\/\\\/www.lafargalhospitalet.com\\\/#\\\/schema\\\/logo\\\/image\\\/\"},\"sameAs\":[\"https:\\\/\\\/www.facebook.com\\\/fargahospitalet\\\/\",\"https:\\\/\\\/x.com\\\/fargahospitalet\",\"https:\\\/\\\/www.instagram.com\\\/lafargahospitalet\\\/\",\"https:\\\/\\\/www.youtube.com\\\/channel\\\/UCoLt6hen3PqGXgbLMGI3Qdw\",\"https:\\\/\\\/www.flickr.com\\\/photos\\\/lafargagemsa\\\/albums\"]}]}<\/script>\n<!-- \/ Yoast SEO plugin. -->","yoast_head_json":{"title":"Pol\u00edtica de Privacitat - La Farga L&#039;Hospitalet Centre d&#039;Activitats. La Farga GEM, S.A.","robots":{"index":"noindex","follow":"nofollow"},"og_locale":"ca_ES","og_type":"article","og_title":"Pol\u00edtica de Privacitat - La Farga L&#039;Hospitalet Centre d&#039;Activitats. La Farga GEM, S.A.","og_description":"La Farga Gesti\u00f3 d\u2019Equipaments Municipals S.A. (en endavant, \u201cLa Farga\u201c) \u00e9s una societat de titularitat p\u00fablica que ofereix serveis de gesti\u00f3 molt diferenciats enfocats tots ells al servei a la ciutadania. Conscients de la import\u00e0ncia de la normativa en vigor en mat\u00e8ria de privacitat i protecci\u00f3 de dades ens preocupem per la protecci\u00f3 de la [&hellip;]","og_url":"https:\/\/www.lafargalhospitalet.com\/ca\/politica-de-privacitat\/","og_site_name":"La Farga L&#039;Hospitalet Centre d&#039;Activitats. La Farga GEM, S.A.","article_publisher":"https:\/\/www.facebook.com\/fargahospitalet\/","article_modified_time":"2025-11-07T12:37:19+00:00","twitter_card":"summary_large_image","twitter_site":"@fargahospitalet","twitter_misc":{"Temps estimat de lectura":"8 minuts"},"schema":{"@context":"https:\/\/schema.org","@graph":[{"@type":"WebPage","@id":"https:\/\/www.lafargalhospitalet.com\/ca\/politica-de-privacitat\/","url":"https:\/\/www.lafargalhospitalet.com\/ca\/politica-de-privacitat\/","name":"Pol\u00edtica de Privacitat - La Farga L&#039;Hospitalet Centre d&#039;Activitats. La Farga GEM, S.A.","isPartOf":{"@id":"https:\/\/www.lafargalhospitalet.com\/#website"},"datePublished":"2025-10-31T10:32:59+00:00","dateModified":"2025-11-07T12:37:19+00:00","breadcrumb":{"@id":"https:\/\/www.lafargalhospitalet.com\/ca\/politica-de-privacitat\/#breadcrumb"},"inLanguage":"ca","potentialAction":[{"@type":"ReadAction","target":["https:\/\/www.lafargalhospitalet.com\/ca\/politica-de-privacitat\/"]}]},{"@type":"BreadcrumbList","@id":"https:\/\/www.lafargalhospitalet.com\/ca\/politica-de-privacitat\/#breadcrumb","itemListElement":[{"@type":"ListItem","position":1,"name":"Portada","item":"https:\/\/www.lafargalhospitalet.com\/"},{"@type":"ListItem","position":2,"name":"Pol\u00edtica de Privacitat"}]},{"@type":"WebSite","@id":"https:\/\/www.lafargalhospitalet.com\/#website","url":"https:\/\/www.lafargalhospitalet.com\/","name":"La Farga L'Hospitalet Centre d'Activitats. La Farga GEM, S.A.","description":"La Farga L&#039;Hospitalet Centre d&#039;Activitats. Gestionat per La Farga GEM, S.A. Fires i Congressos. Concerts, exposicions, reunions, filmacions, sopars de gala.","publisher":{"@id":"https:\/\/www.lafargalhospitalet.com\/#organization"},"potentialAction":[{"@type":"SearchAction","target":{"@type":"EntryPoint","urlTemplate":"https:\/\/www.lafargalhospitalet.com\/?s={search_term_string}"},"query-input":{"@type":"PropertyValueSpecification","valueRequired":true,"valueName":"search_term_string"}}],"inLanguage":"ca"},{"@type":"Organization","@id":"https:\/\/www.lafargalhospitalet.com\/#organization","name":"La Farga L'Hospitalet Centre d'Activitats. La Farga GEM, S.A.","url":"https:\/\/www.lafargalhospitalet.com\/","logo":{"@type":"ImageObject","inLanguage":"ca","@id":"https:\/\/www.lafargalhospitalet.com\/#\/schema\/logo\/image\/","url":"https:\/\/www.lafargalhospitalet.com\/wp-content\/uploads\/2025\/10\/logotipo_lafarga_centre_activitats.png","contentUrl":"https:\/\/www.lafargalhospitalet.com\/wp-content\/uploads\/2025\/10\/logotipo_lafarga_centre_activitats.png","width":266,"height":101,"caption":"La Farga L'Hospitalet Centre d'Activitats. La Farga GEM, S.A."},"image":{"@id":"https:\/\/www.lafargalhospitalet.com\/#\/schema\/logo\/image\/"},"sameAs":["https:\/\/www.facebook.com\/fargahospitalet\/","https:\/\/x.com\/fargahospitalet","https:\/\/www.instagram.com\/lafargahospitalet\/","https:\/\/www.youtube.com\/channel\/UCoLt6hen3PqGXgbLMGI3Qdw","https:\/\/www.flickr.com\/photos\/lafargagemsa\/albums"]}]}},"_links":{"self":[{"href":"https:\/\/www.lafargalhospitalet.com\/ca\/wp-json\/wp\/v2\/pages\/699","targetHints":{"allow":["GET"]}}],"collection":[{"href":"https:\/\/www.lafargalhospitalet.com\/ca\/wp-json\/wp\/v2\/pages"}],"about":[{"href":"https:\/\/www.lafargalhospitalet.com\/ca\/wp-json\/wp\/v2\/types\/page"}],"author":[{"embeddable":true,"href":"https:\/\/www.lafargalhospitalet.com\/ca\/wp-json\/wp\/v2\/users\/1"}],"replies":[{"embeddable":true,"href":"https:\/\/www.lafargalhospitalet.com\/ca\/wp-json\/wp\/v2\/comments?post=699"}],"version-history":[{"count":0,"href":"https:\/\/www.lafargalhospitalet.com\/ca\/wp-json\/wp\/v2\/pages\/699\/revisions"}],"wp:attachment":[{"href":"https:\/\/www.lafargalhospitalet.com\/ca\/wp-json\/wp\/v2\/media?parent=699"}],"curies":[{"name":"wp","href":"https:\/\/api.w.org\/{rel}","templated":true}]}}