{"id":701,"date":"2025-10-31T11:25:23","date_gmt":"2025-10-31T10:25:23","guid":{"rendered":"https:\/\/www.lafargalhospitalet.com\/politica-de-cookies-2\/"},"modified":"2025-11-07T13:37:09","modified_gmt":"2025-11-07T12:37:09","slug":"politica-de-cookies","status":"publish","type":"page","link":"https:\/\/www.lafargalhospitalet.com\/ca\/politica-de-cookies\/","title":{"rendered":"Pol\u00edtica de Cookies"},"content":{"rendered":"<p>Els informem que a la web\u00a0<a href=\"https:\/\/www.lafargalhospitalet.com\/\">https:\/\/www.lafargalhospitalet.com\/<\/a>, el sistema de navegaci\u00f3 utilitza algunes dades de navegaci\u00f3 (\u201cCookies\u201d) per poder oferir un servei m\u00e9s personalitzat als usuaris de la web.<\/p>\n<p>Les \u201cCookies\u201d s\u00f3n petits arxius de text que el navegador guarda quan es navega per p\u00e0gines web i aplicacions. En general, aquestes tecnologies poden servir per finalitats molt diverses, com per exemple, recon\u00e8ixer-te com a usuari, obtenir informaci\u00f3 dels teus h\u00e0bits de navegaci\u00f3 o personalitzar la forma en que es mostra el contingut.<\/p>\n<p>LA FARGA, GESTI\u00d3 D\u2019EQUIPAMENTS MUNICIPALS S.A.\u00a0 a la seva web utilitza \u201ccookies\u201d de tercers:<\/p>\n<ul>\n<li><strong>Cookies d\u2019an\u00e0lisi:<\/strong>\u00a0 Aquestes\u00a0 s\u00f3n\u00a0 tractades per tercers i\u00a0 ens permeten quantificar el nombre d\u2019usuaris i aix\u00ed poder realitzar el mesurament i an\u00e0lisi estad\u00edstic de la utilitzaci\u00f3 que realitzen els usuaris del servei ofert. Per aix\u00f2, s\u2019analitza la seva navegaci\u00f3 a la nostra web amb la finalitat de millorar la nostra oferta de productes i serveis. El tercer \u00e9s\u00a0 Google Analytics, que \u00e9s un servei d\u2019estad\u00edstiques de p\u00e0gines web que ofereix\u00a0 Google Inc. Google Analytics recull informaci\u00f3 de l\u2019equip de l\u2019usuari per obtenir informes sobre l\u2019activitat de l\u2019aplicaci\u00f3 i emmagatzema la informaci\u00f3 recollida per les \u201ccookies\u201d a servidors dels Estats Units existint una transfer\u00e8ncia internacional de dades, i per tant, acceptant a la mateixa, mitjan\u00e7ant l\u2019acceptaci\u00f3 a aquestes cookies.<\/li>\n<li><strong>Cookies publicit\u00e0ries comportamentals:<\/strong>\u00a0S\u00f3n aquelles, que tractades per tercers, ens permeten analitzar els h\u00e0bits de navegaci\u00f3 a Internet per poder mostrar publicitat amb el seu perfil de navegaci\u00f3. El servei \u00e9s prestat per Google Inc.<\/li>\n<\/ul>\n<p>En tot cas, en el sup\u00f2sit que es captin dades de car\u00e0cter personal i en aquest cas, nom\u00e9s l\u2019adre\u00e7a IP d\u2019acc\u00e9s; els informem que aquestes seran tractades sota la responsabilitat de\u00a0 LA FARGA, GESTI\u00d3 D\u2019EQUIPAMENTS MUNICIPALS S.A.<\/p>\n<p>La finalitat d\u2019aquest tractament \u00e9s la gesti\u00f3 i control de les xarxes socials que es disposen aix\u00ed com dels usuaris que interactuen a la web i la informaci\u00f3 que s\u2019obt\u00e9, essent el seu consentiment la base de legitimaci\u00f3 d\u2019aquest tractament. Aquestes dades seran transmeses a les empreses gestores de les cookies i seran conservades d\u2019acord amb els par\u00e0metres estipulats per aquestes empreses. Aquestes dades seran transferides a tercers pa\u00efsos, podent obtenir informaci\u00f3 al respecte a la pr\u00f2pia pol\u00edtica de Google:\u00a0<a href=\"https:\/\/policies.google.com\/privacy?hl=es\" target=\"_blank\" rel=\"noopener\">https:\/\/policies.google.com\/privacy?hl=es<\/a><u>.<\/u><\/p>\n<p>Conforme all\u00f2 disposat en la normativa de protecci\u00f3 de dades de car\u00e0cter personal, li informem que pot revocar aquestes autoritzacions a trav\u00e9s del seu propi navegador o exercitar els drets d\u2019acc\u00e9s, rectificaci\u00f3 o supressi\u00f3, la limitaci\u00f3 del tractament o oposar-se, aix\u00ed com el dret a la portabilitat de les dades\u00a0 es pot dirigir a: Carrer Barcelona, n 2, 08901 L\u2019Hospitalet del Llobregat o b\u00e9 enviant un correu electr\u00f2nic a:\u00a0<a href=\"mailto:lafarga@lafarga.com\">lafarga@lafarga.com<\/a>\u00a0.<\/p>\n<p>Aix\u00ed mateix, podr\u00e0 presentar una reclamaci\u00f3 davant\u00a0<strong>l\u2019Autoritat Catalana de Protecci\u00f3 de Dades<\/strong>.<\/p>\n<p>S\u2019informa a l\u2019usuari que Google podr\u00e0 transmetre aquesta informaci\u00f3 a tercers quan aix\u00ed ho requereixi la llei, o quan aquests tercers processin la informaci\u00f3 per compte de Google. Google no associar\u00e0 l\u2019adre\u00e7a d\u2019 IP de l\u2019usuari amb cap altra dada que disposi, i per tant, ho far\u00e0 totalment de forma anonimitzada.<\/p>\n<p>Per rebutjar o eliminar aquesta \u201ccookie\u201d es pot consultar la seg\u00fcent adre\u00e7a:<\/p>\n<p><a href=\"http:\/\/www.google.com\/intl\/ca\/policies\/privacy\/\">http:\/\/www.google.com\/intl\/ca\/policies\/privacy\/<br \/>\n<\/a><a href=\"http:\/\/www.google.com\/intl\/en\/privacypolicy.html\">http:\/\/www.google.com\/intl\/en\/privacypolicy.html<\/a><\/p>\n<h3><strong>DESACTIVACI\u00d3 I BLOQUEIG DE LES COOKIES<\/strong><\/h3>\n<p>En qualsevol cas, l\u2019 usuari pot habilitar l\u2019opci\u00f3 del seu propi sistema de navegaci\u00f3 per tal de no permetre la instal\u00b7laci\u00f3 de cookies; sense que en cap cas LA FARGA, GESTI\u00d3 D\u2019EQUIPAMENTS MUNICIPALS S.A. pugui ser responsable de que la inhabilitaci\u00f3 de Cookies comporti que alguns dels serveis que ofereix aquesta web no funcionin correctament.<\/p>\n<p>En els seg\u00fcents enlla\u00e7os, podr\u00e0 trobar instruccions que l\u2019ajudaran a configurar els ajustos dels principals navegadors m\u00e9s utilitzats.<\/p>\n<ul>\n<li>Internet Explorer:<br \/>\n<a href=\"https:\/\/support.microsoft.com\/es-es\/help\/17442\/windows-internet-explorer-delete-manage-cookies\" target=\"_blank\" rel=\"noopener\">https:\/\/support.microsoft.com\/es-es\/help\/17442\/windows-internet-explorer-delete-manage-cookies<\/a><\/li>\n<li>Microsoft Edge:<br \/>\n<a href=\"https:\/\/support.microsoft.com\/es-es\/help\/4027947\/microsoft-edge-delete-cookies\" target=\"_blank\" rel=\"noopener\">https:\/\/support.microsoft.com\/es-es\/help\/4027947\/microsoft-edge-delete-cookies<\/a><\/li>\n<li>Google Chrome:<br \/>\n<a href=\"https:\/\/support.google.com\/chrome\/answer\/95647?hl=es\" target=\"_blank\" rel=\"noopener\">https:\/\/support.google.com\/chrome\/answer\/95647?hl=es<\/a><\/li>\n<li>Mozilla Firefox:<br \/>\n<a href=\"http:\/\/support.mozilla.org\/es\/kb\/habilitar-y-deshabilitar-cookies-que-los-sitios-we\" target=\"_blank\" rel=\"noopener\">http:\/\/support.mozilla.org\/es\/kb\/habilitar-y-deshabilitar-cookies-que-los-sitios-we<\/a><\/li>\n<li>Safari:<br \/>\n<a href=\"http:\/\/support.apple.com\/kb\/ph5042\" target=\"_blank\" rel=\"noopener\">http:\/\/support.apple.com\/kb\/ph5042<\/a><\/li>\n<li>Safari para IOS (Iphone, IPad):<br \/>\n<a href=\"http:\/\/support.apple.com\/kb\/ht1677?viewlocale=es_es&amp;locale=es_es\" target=\"_blank\" rel=\"noopener\">http:\/\/support.apple.com\/kb\/ht1677?viewlocale=es_es&amp;locale=es_es<\/a><\/li>\n<li>Chrome para Android:<br \/>\n<a href=\"https:\/\/support.google.com\/chrome\/answer\/2392971?hl=es\" target=\"_blank\" rel=\"noopener\">https:\/\/support.google.com\/chrome\/answer\/2392971?hl=es<\/a><\/li>\n<\/ul>\n<p>Si es desitja m\u00e9s informaci\u00f3 sobre les cookies i la seva manera de deshabilitar-les segons el seu sistema de navegaci\u00f3 pot consultar el seg\u00fcent link:\u00a0<a href=\"https:\/\/www.aboutcookies.org\/\" target=\"_blank\" rel=\"noopener\">https:\/\/www.aboutcookies.org<\/a><\/p>\n<p>En cas contrari, i havent informat LA FARGA, GESTI\u00d3 D\u2019EQUIPAMENTS MUNICIPALS S.A. de l\u2019 \u00fas de cookies, i sense que aquestes hagin estat inhabilitades, implica que l\u2019usuari presta el seu consentiment al tractament de dades per Google en la forma prevista en aquest av\u00eds i per les finalitats aqu\u00ed descrites.<\/p>\n<p>En cas de dubte o de qualsevol comentari, es pot dirigir a LA FARGA, GESTI\u00d3 D\u2019EQUIPAMENTS MUNICIPALS S.A. a trav\u00e9s dels seus mitjans d\u2019atenci\u00f3 al p\u00fablic o b\u00e9 comunicar-se amb nosaltres a trav\u00e9s de:\u00a0<a href=\"mailto:lafarga@lafarga.com\">lafarga@lafarga.com<\/a><\/p>\n","protected":false},"excerpt":{"rendered":"<p>Els informem que a la web\u00a0https:\/\/www.lafargalhospitalet.com\/, el sistema de navegaci\u00f3 utilitza algunes dades de navegaci\u00f3 (\u201cCookies\u201d) per poder oferir un servei m\u00e9s personalitzat als usuaris de la web. Les \u201cCookies\u201d s\u00f3n petits arxius de text que el navegador guarda quan es navega per p\u00e0gines web i aplicacions. En general, aquestes tecnologies poden servir per finalitats [&hellip;]<\/p>\n","protected":false},"author":1,"featured_media":0,"parent":0,"menu_order":0,"comment_status":"closed","ping_status":"closed","template":"","meta":{"_monsterinsights_skip_tracking":false,"_monsterinsights_sitenote_active":false,"_monsterinsights_sitenote_note":"","_monsterinsights_sitenote_category":0,"footnotes":""},"class_list":["post-701","page","type-page","status-publish","hentry"],"yoast_head":"<!-- This site is optimized with the Yoast SEO plugin v27.4 - https:\/\/yoast.com\/product\/yoast-seo-wordpress\/ -->\n<title>Pol\u00edtica de Cookies - La Farga L&#039;Hospitalet Centre d&#039;Activitats. La Farga GEM, S.A.<\/title>\n<meta name=\"robots\" content=\"noindex, nofollow\" \/>\n<meta property=\"og:locale\" content=\"ca_ES\" \/>\n<meta property=\"og:type\" content=\"article\" \/>\n<meta property=\"og:title\" content=\"Pol\u00edtica de Cookies - La Farga L&#039;Hospitalet Centre d&#039;Activitats. La Farga GEM, S.A.\" \/>\n<meta property=\"og:description\" content=\"Els informem que a la web\u00a0https:\/\/www.lafargalhospitalet.com\/, el sistema de navegaci\u00f3 utilitza algunes dades de navegaci\u00f3 (\u201cCookies\u201d) per poder oferir un servei m\u00e9s personalitzat als usuaris de la web. Les \u201cCookies\u201d s\u00f3n petits arxius de text que el navegador guarda quan es navega per p\u00e0gines web i aplicacions. En general, aquestes tecnologies poden servir per finalitats [&hellip;]\" \/>\n<meta property=\"og:url\" content=\"https:\/\/www.lafargalhospitalet.com\/ca\/politica-de-cookies\/\" \/>\n<meta property=\"og:site_name\" content=\"La Farga L&#039;Hospitalet Centre d&#039;Activitats. La Farga GEM, S.A.\" \/>\n<meta property=\"article:publisher\" content=\"https:\/\/www.facebook.com\/fargahospitalet\/\" \/>\n<meta property=\"article:modified_time\" content=\"2025-11-07T12:37:09+00:00\" \/>\n<meta name=\"twitter:card\" content=\"summary_large_image\" \/>\n<meta name=\"twitter:site\" content=\"@fargahospitalet\" \/>\n<meta name=\"twitter:label1\" content=\"Temps estimat de lectura\" \/>\n\t<meta name=\"twitter:data1\" content=\"4 minuts\" \/>\n<script type=\"application\/ld+json\" class=\"yoast-schema-graph\">{\"@context\":\"https:\\\/\\\/schema.org\",\"@graph\":[{\"@type\":\"WebPage\",\"@id\":\"https:\\\/\\\/www.lafargalhospitalet.com\\\/ca\\\/politica-de-cookies\\\/\",\"url\":\"https:\\\/\\\/www.lafargalhospitalet.com\\\/ca\\\/politica-de-cookies\\\/\",\"name\":\"Pol\u00edtica de Cookies - La Farga L&#039;Hospitalet Centre d&#039;Activitats. La Farga GEM, S.A.\",\"isPartOf\":{\"@id\":\"https:\\\/\\\/www.lafargalhospitalet.com\\\/#website\"},\"datePublished\":\"2025-10-31T10:25:23+00:00\",\"dateModified\":\"2025-11-07T12:37:09+00:00\",\"breadcrumb\":{\"@id\":\"https:\\\/\\\/www.lafargalhospitalet.com\\\/ca\\\/politica-de-cookies\\\/#breadcrumb\"},\"inLanguage\":\"ca\",\"potentialAction\":[{\"@type\":\"ReadAction\",\"target\":[\"https:\\\/\\\/www.lafargalhospitalet.com\\\/ca\\\/politica-de-cookies\\\/\"]}]},{\"@type\":\"BreadcrumbList\",\"@id\":\"https:\\\/\\\/www.lafargalhospitalet.com\\\/ca\\\/politica-de-cookies\\\/#breadcrumb\",\"itemListElement\":[{\"@type\":\"ListItem\",\"position\":1,\"name\":\"Portada\",\"item\":\"https:\\\/\\\/www.lafargalhospitalet.com\\\/\"},{\"@type\":\"ListItem\",\"position\":2,\"name\":\"Pol\u00edtica de Cookies\"}]},{\"@type\":\"WebSite\",\"@id\":\"https:\\\/\\\/www.lafargalhospitalet.com\\\/#website\",\"url\":\"https:\\\/\\\/www.lafargalhospitalet.com\\\/\",\"name\":\"La Farga L'Hospitalet Centre d'Activitats. La Farga GEM, S.A.\",\"description\":\"La Farga L&#039;Hospitalet Centre d&#039;Activitats. Gestionat per La Farga GEM, S.A. Fires i Congressos. Concerts, exposicions, reunions, filmacions, sopars de gala.\",\"publisher\":{\"@id\":\"https:\\\/\\\/www.lafargalhospitalet.com\\\/#organization\"},\"potentialAction\":[{\"@type\":\"SearchAction\",\"target\":{\"@type\":\"EntryPoint\",\"urlTemplate\":\"https:\\\/\\\/www.lafargalhospitalet.com\\\/?s={search_term_string}\"},\"query-input\":{\"@type\":\"PropertyValueSpecification\",\"valueRequired\":true,\"valueName\":\"search_term_string\"}}],\"inLanguage\":\"ca\"},{\"@type\":\"Organization\",\"@id\":\"https:\\\/\\\/www.lafargalhospitalet.com\\\/#organization\",\"name\":\"La Farga L'Hospitalet Centre d'Activitats. La Farga GEM, S.A.\",\"url\":\"https:\\\/\\\/www.lafargalhospitalet.com\\\/\",\"logo\":{\"@type\":\"ImageObject\",\"inLanguage\":\"ca\",\"@id\":\"https:\\\/\\\/www.lafargalhospitalet.com\\\/#\\\/schema\\\/logo\\\/image\\\/\",\"url\":\"https:\\\/\\\/www.lafargalhospitalet.com\\\/wp-content\\\/uploads\\\/2025\\\/10\\\/logotipo_lafarga_centre_activitats.png\",\"contentUrl\":\"https:\\\/\\\/www.lafargalhospitalet.com\\\/wp-content\\\/uploads\\\/2025\\\/10\\\/logotipo_lafarga_centre_activitats.png\",\"width\":266,\"height\":101,\"caption\":\"La Farga L'Hospitalet Centre d'Activitats. La Farga GEM, S.A.\"},\"image\":{\"@id\":\"https:\\\/\\\/www.lafargalhospitalet.com\\\/#\\\/schema\\\/logo\\\/image\\\/\"},\"sameAs\":[\"https:\\\/\\\/www.facebook.com\\\/fargahospitalet\\\/\",\"https:\\\/\\\/x.com\\\/fargahospitalet\",\"https:\\\/\\\/www.instagram.com\\\/lafargahospitalet\\\/\",\"https:\\\/\\\/www.youtube.com\\\/channel\\\/UCoLt6hen3PqGXgbLMGI3Qdw\",\"https:\\\/\\\/www.flickr.com\\\/photos\\\/lafargagemsa\\\/albums\"]}]}<\/script>\n<!-- \/ Yoast SEO plugin. -->","yoast_head_json":{"title":"Pol\u00edtica de Cookies - La Farga L&#039;Hospitalet Centre d&#039;Activitats. La Farga GEM, S.A.","robots":{"index":"noindex","follow":"nofollow"},"og_locale":"ca_ES","og_type":"article","og_title":"Pol\u00edtica de Cookies - La Farga L&#039;Hospitalet Centre d&#039;Activitats. La Farga GEM, S.A.","og_description":"Els informem que a la web\u00a0https:\/\/www.lafargalhospitalet.com\/, el sistema de navegaci\u00f3 utilitza algunes dades de navegaci\u00f3 (\u201cCookies\u201d) per poder oferir un servei m\u00e9s personalitzat als usuaris de la web. Les \u201cCookies\u201d s\u00f3n petits arxius de text que el navegador guarda quan es navega per p\u00e0gines web i aplicacions. En general, aquestes tecnologies poden servir per finalitats [&hellip;]","og_url":"https:\/\/www.lafargalhospitalet.com\/ca\/politica-de-cookies\/","og_site_name":"La Farga L&#039;Hospitalet Centre d&#039;Activitats. La Farga GEM, S.A.","article_publisher":"https:\/\/www.facebook.com\/fargahospitalet\/","article_modified_time":"2025-11-07T12:37:09+00:00","twitter_card":"summary_large_image","twitter_site":"@fargahospitalet","twitter_misc":{"Temps estimat de lectura":"4 minuts"},"schema":{"@context":"https:\/\/schema.org","@graph":[{"@type":"WebPage","@id":"https:\/\/www.lafargalhospitalet.com\/ca\/politica-de-cookies\/","url":"https:\/\/www.lafargalhospitalet.com\/ca\/politica-de-cookies\/","name":"Pol\u00edtica de Cookies - La Farga L&#039;Hospitalet Centre d&#039;Activitats. La Farga GEM, S.A.","isPartOf":{"@id":"https:\/\/www.lafargalhospitalet.com\/#website"},"datePublished":"2025-10-31T10:25:23+00:00","dateModified":"2025-11-07T12:37:09+00:00","breadcrumb":{"@id":"https:\/\/www.lafargalhospitalet.com\/ca\/politica-de-cookies\/#breadcrumb"},"inLanguage":"ca","potentialAction":[{"@type":"ReadAction","target":["https:\/\/www.lafargalhospitalet.com\/ca\/politica-de-cookies\/"]}]},{"@type":"BreadcrumbList","@id":"https:\/\/www.lafargalhospitalet.com\/ca\/politica-de-cookies\/#breadcrumb","itemListElement":[{"@type":"ListItem","position":1,"name":"Portada","item":"https:\/\/www.lafargalhospitalet.com\/"},{"@type":"ListItem","position":2,"name":"Pol\u00edtica de Cookies"}]},{"@type":"WebSite","@id":"https:\/\/www.lafargalhospitalet.com\/#website","url":"https:\/\/www.lafargalhospitalet.com\/","name":"La Farga L'Hospitalet Centre d'Activitats. La Farga GEM, S.A.","description":"La Farga L&#039;Hospitalet Centre d&#039;Activitats. Gestionat per La Farga GEM, S.A. Fires i Congressos. Concerts, exposicions, reunions, filmacions, sopars de gala.","publisher":{"@id":"https:\/\/www.lafargalhospitalet.com\/#organization"},"potentialAction":[{"@type":"SearchAction","target":{"@type":"EntryPoint","urlTemplate":"https:\/\/www.lafargalhospitalet.com\/?s={search_term_string}"},"query-input":{"@type":"PropertyValueSpecification","valueRequired":true,"valueName":"search_term_string"}}],"inLanguage":"ca"},{"@type":"Organization","@id":"https:\/\/www.lafargalhospitalet.com\/#organization","name":"La Farga L'Hospitalet Centre d'Activitats. La Farga GEM, S.A.","url":"https:\/\/www.lafargalhospitalet.com\/","logo":{"@type":"ImageObject","inLanguage":"ca","@id":"https:\/\/www.lafargalhospitalet.com\/#\/schema\/logo\/image\/","url":"https:\/\/www.lafargalhospitalet.com\/wp-content\/uploads\/2025\/10\/logotipo_lafarga_centre_activitats.png","contentUrl":"https:\/\/www.lafargalhospitalet.com\/wp-content\/uploads\/2025\/10\/logotipo_lafarga_centre_activitats.png","width":266,"height":101,"caption":"La Farga L'Hospitalet Centre d'Activitats. La Farga GEM, S.A."},"image":{"@id":"https:\/\/www.lafargalhospitalet.com\/#\/schema\/logo\/image\/"},"sameAs":["https:\/\/www.facebook.com\/fargahospitalet\/","https:\/\/x.com\/fargahospitalet","https:\/\/www.instagram.com\/lafargahospitalet\/","https:\/\/www.youtube.com\/channel\/UCoLt6hen3PqGXgbLMGI3Qdw","https:\/\/www.flickr.com\/photos\/lafargagemsa\/albums"]}]}},"_links":{"self":[{"href":"https:\/\/www.lafargalhospitalet.com\/ca\/wp-json\/wp\/v2\/pages\/701","targetHints":{"allow":["GET"]}}],"collection":[{"href":"https:\/\/www.lafargalhospitalet.com\/ca\/wp-json\/wp\/v2\/pages"}],"about":[{"href":"https:\/\/www.lafargalhospitalet.com\/ca\/wp-json\/wp\/v2\/types\/page"}],"author":[{"embeddable":true,"href":"https:\/\/www.lafargalhospitalet.com\/ca\/wp-json\/wp\/v2\/users\/1"}],"replies":[{"embeddable":true,"href":"https:\/\/www.lafargalhospitalet.com\/ca\/wp-json\/wp\/v2\/comments?post=701"}],"version-history":[{"count":0,"href":"https:\/\/www.lafargalhospitalet.com\/ca\/wp-json\/wp\/v2\/pages\/701\/revisions"}],"wp:attachment":[{"href":"https:\/\/www.lafargalhospitalet.com\/ca\/wp-json\/wp\/v2\/media?parent=701"}],"curies":[{"name":"wp","href":"https:\/\/api.w.org\/{rel}","templated":true}]}}