{"id":707,"date":"2025-10-27T17:30:40","date_gmt":"2025-10-27T16:30:40","guid":{"rendered":"https:\/\/www.lafargalhospitalet.com\/aviso-legal\/"},"modified":"2025-11-07T13:47:03","modified_gmt":"2025-11-07T12:47:03","slug":"avi-legal","status":"publish","type":"page","link":"https:\/\/www.lafargalhospitalet.com\/ca\/avi-legal\/","title":{"rendered":"Av\u00ed legal"},"content":{"rendered":"\n<p>La titularitat d&#8217;aquest Website i el seu contingut pertany a LA FARGA GESTI\u00d3 D&#8217;EQUIPAMENTS MUNICIPALS, S.A. amb domicili social: C. de Barcelona, 2, 08901 de L&#8217;Hospitalet de Llobregat.<br><\/p>\n\n\n\n<p>Les denominacions, productes, caracter\u00edstiques i mesures que figuren en els diferents apartats que componen aquesta web, ho s\u00f3n a t\u00edtol descriptiu i merament informatiu i poden patir modificacions, en qualsevol moment i sense previ av\u00eds.<br><\/p>\n\n\n\n<p>Tots els continguts als quals s&#8217;accedeix sota el domini www.lafarga.com, s\u00f3n propietat de LA FARGA GESTI\u00d3 D&#8217;EQUIPAMENTS MUNICIPALS, S.A. o si \u00e9s el cas de terceres persones. L&#8217;acc\u00e9s a aquests continguts no implica llic\u00e8ncia per a la seva reproducci\u00f3 i \/ o distribuci\u00f3 i no est\u00e0 perm\u00e8s fer-ho sense el previ consentiment expr\u00e9s de LA FARGA GESTI\u00d3 D&#8217;EQUIPAMENTS MUNICIPALS, S.A. quedant, per tant, prohibida la seva utilitzaci\u00f3 amb fins comercials, aix\u00ed com la seva modificaci\u00f3, alteraci\u00f3 o descompilaci\u00f3.<br><\/p>\n\n\n\n<p>Les refer\u00e8ncies contingudes en aquesta p\u00e0gina web, a qualsevol producte, servei, proc\u00e9s, enlla\u00e7, hipertext o qualsevol altra informaci\u00f3 utilitzant la marca, el nom comercial o el fabricant o subministrador, etc. que siguin de titularitat de tercers no constitueix o implica recolzament, patrocini o recomanaci\u00f3 per part de LA FARGA GESTI\u00d3 D&#8217;EQUIPAMENTS MUNICIPALS, S.A.<br><\/p>\n\n\n\n<p>Qualsevol dubte, reclamaci\u00f3, petici\u00f3 o consulta sobre l&#8217;\u00fas d&#8217;aquests continguts ha de dirigir-la a <a href=\"mailto:lafarga@lafarga.com\">lafarga@lafarga.com<\/a>.<\/p>\n\n\n\n<p><\/p>\n","protected":false},"excerpt":{"rendered":"<p>La titularitat d&#8217;aquest Website i el seu contingut pertany a LA FARGA GESTI\u00d3 D&#8217;EQUIPAMENTS MUNICIPALS, S.A. amb domicili social: C. de Barcelona, 2, 08901 de L&#8217;Hospitalet de Llobregat. Les denominacions, productes, caracter\u00edstiques i mesures que figuren en els diferents apartats que componen aquesta web, ho s\u00f3n a t\u00edtol descriptiu i merament informatiu i poden patir [&hellip;]<\/p>\n","protected":false},"author":1,"featured_media":0,"parent":0,"menu_order":0,"comment_status":"closed","ping_status":"closed","template":"","meta":{"_monsterinsights_skip_tracking":false,"_monsterinsights_sitenote_active":false,"_monsterinsights_sitenote_note":"","_monsterinsights_sitenote_category":0,"footnotes":""},"class_list":["post-707","page","type-page","status-publish","hentry"],"yoast_head":"<!-- This site is optimized with the Yoast SEO plugin v27.4 - https:\/\/yoast.com\/product\/yoast-seo-wordpress\/ -->\n<title>Av\u00ed legal - La Farga L&#039;Hospitalet Centre d&#039;Activitats. La Farga GEM, S.A.<\/title>\n<meta name=\"robots\" content=\"noindex, nofollow\" \/>\n<meta property=\"og:locale\" content=\"ca_ES\" \/>\n<meta property=\"og:type\" content=\"article\" \/>\n<meta property=\"og:title\" content=\"Av\u00ed legal - La Farga L&#039;Hospitalet Centre d&#039;Activitats. La Farga GEM, S.A.\" \/>\n<meta property=\"og:description\" content=\"La titularitat d&#8217;aquest Website i el seu contingut pertany a LA FARGA GESTI\u00d3 D&#8217;EQUIPAMENTS MUNICIPALS, S.A. amb domicili social: C. de Barcelona, 2, 08901 de L&#8217;Hospitalet de Llobregat. Les denominacions, productes, caracter\u00edstiques i mesures que figuren en els diferents apartats que componen aquesta web, ho s\u00f3n a t\u00edtol descriptiu i merament informatiu i poden patir [&hellip;]\" \/>\n<meta property=\"og:url\" content=\"https:\/\/www.lafargalhospitalet.com\/ca\/avi-legal\/\" \/>\n<meta property=\"og:site_name\" content=\"La Farga L&#039;Hospitalet Centre d&#039;Activitats. La Farga GEM, S.A.\" \/>\n<meta property=\"article:publisher\" content=\"https:\/\/www.facebook.com\/fargahospitalet\/\" \/>\n<meta property=\"article:modified_time\" content=\"2025-11-07T12:47:03+00:00\" \/>\n<meta name=\"twitter:card\" content=\"summary_large_image\" \/>\n<meta name=\"twitter:site\" content=\"@fargahospitalet\" \/>\n<meta name=\"twitter:label1\" content=\"Temps estimat de lectura\" \/>\n\t<meta name=\"twitter:data1\" content=\"1 minut\" \/>\n<script type=\"application\/ld+json\" class=\"yoast-schema-graph\">{\"@context\":\"https:\\\/\\\/schema.org\",\"@graph\":[{\"@type\":\"WebPage\",\"@id\":\"https:\\\/\\\/www.lafargalhospitalet.com\\\/ca\\\/avi-legal\\\/\",\"url\":\"https:\\\/\\\/www.lafargalhospitalet.com\\\/ca\\\/avi-legal\\\/\",\"name\":\"Av\u00ed legal - La Farga L&#039;Hospitalet Centre d&#039;Activitats. La Farga GEM, S.A.\",\"isPartOf\":{\"@id\":\"https:\\\/\\\/www.lafargalhospitalet.com\\\/#website\"},\"datePublished\":\"2025-10-27T16:30:40+00:00\",\"dateModified\":\"2025-11-07T12:47:03+00:00\",\"breadcrumb\":{\"@id\":\"https:\\\/\\\/www.lafargalhospitalet.com\\\/ca\\\/avi-legal\\\/#breadcrumb\"},\"inLanguage\":\"ca\",\"potentialAction\":[{\"@type\":\"ReadAction\",\"target\":[\"https:\\\/\\\/www.lafargalhospitalet.com\\\/ca\\\/avi-legal\\\/\"]}]},{\"@type\":\"BreadcrumbList\",\"@id\":\"https:\\\/\\\/www.lafargalhospitalet.com\\\/ca\\\/avi-legal\\\/#breadcrumb\",\"itemListElement\":[{\"@type\":\"ListItem\",\"position\":1,\"name\":\"Portada\",\"item\":\"https:\\\/\\\/www.lafargalhospitalet.com\\\/\"},{\"@type\":\"ListItem\",\"position\":2,\"name\":\"Av\u00ed legal\"}]},{\"@type\":\"WebSite\",\"@id\":\"https:\\\/\\\/www.lafargalhospitalet.com\\\/#website\",\"url\":\"https:\\\/\\\/www.lafargalhospitalet.com\\\/\",\"name\":\"La Farga L'Hospitalet Centre d'Activitats. La Farga GEM, S.A.\",\"description\":\"La Farga L&#039;Hospitalet Centre d&#039;Activitats. Gestionat per La Farga GEM, S.A. Fires i Congressos. Concerts, exposicions, reunions, filmacions, sopars de gala.\",\"publisher\":{\"@id\":\"https:\\\/\\\/www.lafargalhospitalet.com\\\/#organization\"},\"potentialAction\":[{\"@type\":\"SearchAction\",\"target\":{\"@type\":\"EntryPoint\",\"urlTemplate\":\"https:\\\/\\\/www.lafargalhospitalet.com\\\/?s={search_term_string}\"},\"query-input\":{\"@type\":\"PropertyValueSpecification\",\"valueRequired\":true,\"valueName\":\"search_term_string\"}}],\"inLanguage\":\"ca\"},{\"@type\":\"Organization\",\"@id\":\"https:\\\/\\\/www.lafargalhospitalet.com\\\/#organization\",\"name\":\"La Farga L'Hospitalet Centre d'Activitats. La Farga GEM, S.A.\",\"url\":\"https:\\\/\\\/www.lafargalhospitalet.com\\\/\",\"logo\":{\"@type\":\"ImageObject\",\"inLanguage\":\"ca\",\"@id\":\"https:\\\/\\\/www.lafargalhospitalet.com\\\/#\\\/schema\\\/logo\\\/image\\\/\",\"url\":\"https:\\\/\\\/www.lafargalhospitalet.com\\\/wp-content\\\/uploads\\\/2025\\\/10\\\/logotipo_lafarga_centre_activitats.png\",\"contentUrl\":\"https:\\\/\\\/www.lafargalhospitalet.com\\\/wp-content\\\/uploads\\\/2025\\\/10\\\/logotipo_lafarga_centre_activitats.png\",\"width\":266,\"height\":101,\"caption\":\"La Farga L'Hospitalet Centre d'Activitats. La Farga GEM, S.A.\"},\"image\":{\"@id\":\"https:\\\/\\\/www.lafargalhospitalet.com\\\/#\\\/schema\\\/logo\\\/image\\\/\"},\"sameAs\":[\"https:\\\/\\\/www.facebook.com\\\/fargahospitalet\\\/\",\"https:\\\/\\\/x.com\\\/fargahospitalet\",\"https:\\\/\\\/www.instagram.com\\\/lafargahospitalet\\\/\",\"https:\\\/\\\/www.youtube.com\\\/channel\\\/UCoLt6hen3PqGXgbLMGI3Qdw\",\"https:\\\/\\\/www.flickr.com\\\/photos\\\/lafargagemsa\\\/albums\"]}]}<\/script>\n<!-- \/ Yoast SEO plugin. -->","yoast_head_json":{"title":"Av\u00ed legal - La Farga L&#039;Hospitalet Centre d&#039;Activitats. La Farga GEM, S.A.","robots":{"index":"noindex","follow":"nofollow"},"og_locale":"ca_ES","og_type":"article","og_title":"Av\u00ed legal - La Farga L&#039;Hospitalet Centre d&#039;Activitats. La Farga GEM, S.A.","og_description":"La titularitat d&#8217;aquest Website i el seu contingut pertany a LA FARGA GESTI\u00d3 D&#8217;EQUIPAMENTS MUNICIPALS, S.A. amb domicili social: C. de Barcelona, 2, 08901 de L&#8217;Hospitalet de Llobregat. Les denominacions, productes, caracter\u00edstiques i mesures que figuren en els diferents apartats que componen aquesta web, ho s\u00f3n a t\u00edtol descriptiu i merament informatiu i poden patir [&hellip;]","og_url":"https:\/\/www.lafargalhospitalet.com\/ca\/avi-legal\/","og_site_name":"La Farga L&#039;Hospitalet Centre d&#039;Activitats. La Farga GEM, S.A.","article_publisher":"https:\/\/www.facebook.com\/fargahospitalet\/","article_modified_time":"2025-11-07T12:47:03+00:00","twitter_card":"summary_large_image","twitter_site":"@fargahospitalet","twitter_misc":{"Temps estimat de lectura":"1 minut"},"schema":{"@context":"https:\/\/schema.org","@graph":[{"@type":"WebPage","@id":"https:\/\/www.lafargalhospitalet.com\/ca\/avi-legal\/","url":"https:\/\/www.lafargalhospitalet.com\/ca\/avi-legal\/","name":"Av\u00ed legal - La Farga L&#039;Hospitalet Centre d&#039;Activitats. La Farga GEM, S.A.","isPartOf":{"@id":"https:\/\/www.lafargalhospitalet.com\/#website"},"datePublished":"2025-10-27T16:30:40+00:00","dateModified":"2025-11-07T12:47:03+00:00","breadcrumb":{"@id":"https:\/\/www.lafargalhospitalet.com\/ca\/avi-legal\/#breadcrumb"},"inLanguage":"ca","potentialAction":[{"@type":"ReadAction","target":["https:\/\/www.lafargalhospitalet.com\/ca\/avi-legal\/"]}]},{"@type":"BreadcrumbList","@id":"https:\/\/www.lafargalhospitalet.com\/ca\/avi-legal\/#breadcrumb","itemListElement":[{"@type":"ListItem","position":1,"name":"Portada","item":"https:\/\/www.lafargalhospitalet.com\/"},{"@type":"ListItem","position":2,"name":"Av\u00ed legal"}]},{"@type":"WebSite","@id":"https:\/\/www.lafargalhospitalet.com\/#website","url":"https:\/\/www.lafargalhospitalet.com\/","name":"La Farga L'Hospitalet Centre d'Activitats. La Farga GEM, S.A.","description":"La Farga L&#039;Hospitalet Centre d&#039;Activitats. Gestionat per La Farga GEM, S.A. Fires i Congressos. Concerts, exposicions, reunions, filmacions, sopars de gala.","publisher":{"@id":"https:\/\/www.lafargalhospitalet.com\/#organization"},"potentialAction":[{"@type":"SearchAction","target":{"@type":"EntryPoint","urlTemplate":"https:\/\/www.lafargalhospitalet.com\/?s={search_term_string}"},"query-input":{"@type":"PropertyValueSpecification","valueRequired":true,"valueName":"search_term_string"}}],"inLanguage":"ca"},{"@type":"Organization","@id":"https:\/\/www.lafargalhospitalet.com\/#organization","name":"La Farga L'Hospitalet Centre d'Activitats. La Farga GEM, S.A.","url":"https:\/\/www.lafargalhospitalet.com\/","logo":{"@type":"ImageObject","inLanguage":"ca","@id":"https:\/\/www.lafargalhospitalet.com\/#\/schema\/logo\/image\/","url":"https:\/\/www.lafargalhospitalet.com\/wp-content\/uploads\/2025\/10\/logotipo_lafarga_centre_activitats.png","contentUrl":"https:\/\/www.lafargalhospitalet.com\/wp-content\/uploads\/2025\/10\/logotipo_lafarga_centre_activitats.png","width":266,"height":101,"caption":"La Farga L'Hospitalet Centre d'Activitats. La Farga GEM, S.A."},"image":{"@id":"https:\/\/www.lafargalhospitalet.com\/#\/schema\/logo\/image\/"},"sameAs":["https:\/\/www.facebook.com\/fargahospitalet\/","https:\/\/x.com\/fargahospitalet","https:\/\/www.instagram.com\/lafargahospitalet\/","https:\/\/www.youtube.com\/channel\/UCoLt6hen3PqGXgbLMGI3Qdw","https:\/\/www.flickr.com\/photos\/lafargagemsa\/albums"]}]}},"_links":{"self":[{"href":"https:\/\/www.lafargalhospitalet.com\/ca\/wp-json\/wp\/v2\/pages\/707","targetHints":{"allow":["GET"]}}],"collection":[{"href":"https:\/\/www.lafargalhospitalet.com\/ca\/wp-json\/wp\/v2\/pages"}],"about":[{"href":"https:\/\/www.lafargalhospitalet.com\/ca\/wp-json\/wp\/v2\/types\/page"}],"author":[{"embeddable":true,"href":"https:\/\/www.lafargalhospitalet.com\/ca\/wp-json\/wp\/v2\/users\/1"}],"replies":[{"embeddable":true,"href":"https:\/\/www.lafargalhospitalet.com\/ca\/wp-json\/wp\/v2\/comments?post=707"}],"version-history":[{"count":0,"href":"https:\/\/www.lafargalhospitalet.com\/ca\/wp-json\/wp\/v2\/pages\/707\/revisions"}],"wp:attachment":[{"href":"https:\/\/www.lafargalhospitalet.com\/ca\/wp-json\/wp\/v2\/media?parent=707"}],"curies":[{"name":"wp","href":"https:\/\/api.w.org\/{rel}","templated":true}]}}